{"id":3264,"date":"2024-06-10T14:01:57","date_gmt":"2024-06-10T18:01:57","guid":{"rendered":"https:\/\/gregorycharles.com\/?page_id=3264"},"modified":"2026-03-25T09:23:01","modified_gmt":"2026-03-25T13:23:01","slug":"home-v2","status":"publish","type":"page","link":"https:\/\/gregorycharles.com\/en\/","title":{"rendered":"Home V2"},"content":{"rendered":"","protected":false},"excerpt":{"rendered":"","protected":false},"author":1,"featured_media":0,"parent":0,"menu_order":0,"comment_status":"closed","ping_status":"closed","template":"","meta":{"_acf_changed":false,"footnotes":""},"class_list":["post-3264","page","type-page","status-publish","hentry"],"acf":[],"yoast_head":"<!-- This site is optimized with the Yoast SEO plugin v27.3 - https:\/\/yoast.com\/product\/yoast-seo-wordpress\/ -->\n<title>Home V2 - Gregory Charles<\/title>\n<meta name=\"description\" content=\"Artiste multifacette et pianiste prodige qu\u00e9b\u00e9cois, Gregory Charles multiplie lesoccasions de partager son amour de la musique avec le public sur sc\u00e8ne, \u00e0 lat\u00e9l\u00e9vision, \u00e0 la radio et m\u00eame en ligne.\" \/>\n<meta name=\"robots\" content=\"index, follow, max-snippet:-1, max-image-preview:large, max-video-preview:-1\" \/>\n<link rel=\"canonical\" href=\"https:\/\/gregorycharles.com\/en\/\" \/>\n<meta property=\"og:locale\" content=\"en_US\" \/>\n<meta property=\"og:type\" content=\"article\" \/>\n<meta property=\"og:title\" content=\"Home V2 - Gregory Charles\" \/>\n<meta property=\"og:description\" content=\"Artiste multifacette et pianiste prodige qu\u00e9b\u00e9cois, Gregory Charles multiplie lesoccasions de partager son amour de la musique avec le public sur sc\u00e8ne, \u00e0 lat\u00e9l\u00e9vision, \u00e0 la radio et m\u00eame en ligne.\" \/>\n<meta property=\"og:url\" content=\"https:\/\/gregorycharles.com\/en\/\" \/>\n<meta property=\"og:site_name\" content=\"Gregory Charles\" \/>\n<meta property=\"article:modified_time\" content=\"2026-03-25T13:23:01+00:00\" \/>\n<meta property=\"og:image\" content=\"https:\/\/gregorycharles.com\/wp-content\/uploads\/2022\/03\/Gregory_Partage_AccueilContact.jpg\" \/>\n\t<meta property=\"og:image:width\" content=\"1200\" \/>\n\t<meta property=\"og:image:height\" content=\"800\" \/>\n\t<meta property=\"og:image:type\" content=\"image\/jpeg\" \/>\n<meta name=\"twitter:card\" content=\"summary_large_image\" \/>\n<meta name=\"twitter:label1\" content=\"Est. reading time\" \/>\n\t<meta name=\"twitter:data1\" content=\"2 minutes\" \/>\n<script type=\"application\/ld+json\" class=\"yoast-schema-graph\">{\"@context\":\"https:\\\/\\\/schema.org\",\"@graph\":[{\"@type\":\"WebPage\",\"@id\":\"https:\\\/\\\/gregorycharles.com\\\/en\\\/\",\"url\":\"https:\\\/\\\/gregorycharles.com\\\/en\\\/\",\"name\":\"Home V2 - Gregory Charles\",\"isPartOf\":{\"@id\":\"https:\\\/\\\/gregorycharles.com\\\/#website\"},\"datePublished\":\"2024-06-10T18:01:57+00:00\",\"dateModified\":\"2026-03-25T13:23:01+00:00\",\"description\":\"Artiste multifacette et pianiste prodige qu\u00e9b\u00e9cois, Gregory Charles multiplie lesoccasions de partager son amour de la musique avec le public sur sc\u00e8ne, \u00e0 lat\u00e9l\u00e9vision, \u00e0 la radio et m\u00eame en ligne.\",\"breadcrumb\":{\"@id\":\"https:\\\/\\\/gregorycharles.com\\\/en\\\/#breadcrumb\"},\"inLanguage\":\"en-US\",\"potentialAction\":[{\"@type\":\"ReadAction\",\"target\":[\"https:\\\/\\\/gregorycharles.com\\\/en\\\/\"]}]},{\"@type\":\"BreadcrumbList\",\"@id\":\"https:\\\/\\\/gregorycharles.com\\\/en\\\/#breadcrumb\",\"itemListElement\":[{\"@type\":\"ListItem\",\"position\":1,\"name\":\"Accueil\",\"item\":\"https:\\\/\\\/gregorycharles.com\\\/en\\\/\"},{\"@type\":\"ListItem\",\"position\":2,\"name\":\"Home V2\"}]},{\"@type\":\"WebSite\",\"@id\":\"https:\\\/\\\/gregorycharles.com\\\/#website\",\"url\":\"https:\\\/\\\/gregorycharles.com\\\/\",\"name\":\"Gregory Charles\",\"description\":\"\",\"potentialAction\":[{\"@type\":\"SearchAction\",\"target\":{\"@type\":\"EntryPoint\",\"urlTemplate\":\"https:\\\/\\\/gregorycharles.com\\\/?s={search_term_string}\"},\"query-input\":{\"@type\":\"PropertyValueSpecification\",\"valueRequired\":true,\"valueName\":\"search_term_string\"}}],\"inLanguage\":\"en-US\"}]}<\/script>\n<!-- \/ Yoast SEO plugin. -->","yoast_head_json":{"title":"Home V2 - Gregory Charles","description":"Artiste multifacette et pianiste prodige qu\u00e9b\u00e9cois, Gregory Charles multiplie lesoccasions de partager son amour de la musique avec le public sur sc\u00e8ne, \u00e0 lat\u00e9l\u00e9vision, \u00e0 la radio et m\u00eame en ligne.","robots":{"index":"index","follow":"follow","max-snippet":"max-snippet:-1","max-image-preview":"max-image-preview:large","max-video-preview":"max-video-preview:-1"},"canonical":"https:\/\/gregorycharles.com\/en\/","og_locale":"en_US","og_type":"article","og_title":"Home V2 - Gregory Charles","og_description":"Artiste multifacette et pianiste prodige qu\u00e9b\u00e9cois, Gregory Charles multiplie lesoccasions de partager son amour de la musique avec le public sur sc\u00e8ne, \u00e0 lat\u00e9l\u00e9vision, \u00e0 la radio et m\u00eame en ligne.","og_url":"https:\/\/gregorycharles.com\/en\/","og_site_name":"Gregory Charles","article_modified_time":"2026-03-25T13:23:01+00:00","og_image":[{"width":1200,"height":800,"url":"https:\/\/gregorycharles.com\/wp-content\/uploads\/2022\/03\/Gregory_Partage_AccueilContact.jpg","type":"image\/jpeg"}],"twitter_card":"summary_large_image","twitter_misc":{"Est. reading time":"2 minutes"},"schema":{"@context":"https:\/\/schema.org","@graph":[{"@type":"WebPage","@id":"https:\/\/gregorycharles.com\/en\/","url":"https:\/\/gregorycharles.com\/en\/","name":"Home V2 - Gregory Charles","isPartOf":{"@id":"https:\/\/gregorycharles.com\/#website"},"datePublished":"2024-06-10T18:01:57+00:00","dateModified":"2026-03-25T13:23:01+00:00","description":"Artiste multifacette et pianiste prodige qu\u00e9b\u00e9cois, Gregory Charles multiplie lesoccasions de partager son amour de la musique avec le public sur sc\u00e8ne, \u00e0 lat\u00e9l\u00e9vision, \u00e0 la radio et m\u00eame en ligne.","breadcrumb":{"@id":"https:\/\/gregorycharles.com\/en\/#breadcrumb"},"inLanguage":"en-US","potentialAction":[{"@type":"ReadAction","target":["https:\/\/gregorycharles.com\/en\/"]}]},{"@type":"BreadcrumbList","@id":"https:\/\/gregorycharles.com\/en\/#breadcrumb","itemListElement":[{"@type":"ListItem","position":1,"name":"Accueil","item":"https:\/\/gregorycharles.com\/en\/"},{"@type":"ListItem","position":2,"name":"Home V2"}]},{"@type":"WebSite","@id":"https:\/\/gregorycharles.com\/#website","url":"https:\/\/gregorycharles.com\/","name":"Gregory Charles","description":"","potentialAction":[{"@type":"SearchAction","target":{"@type":"EntryPoint","urlTemplate":"https:\/\/gregorycharles.com\/?s={search_term_string}"},"query-input":{"@type":"PropertyValueSpecification","valueRequired":true,"valueName":"search_term_string"}}],"inLanguage":"en-US"}]}},"_links":{"self":[{"href":"https:\/\/gregorycharles.com\/en\/wp-json\/wp\/v2\/pages\/3264","targetHints":{"allow":["GET"]}}],"collection":[{"href":"https:\/\/gregorycharles.com\/en\/wp-json\/wp\/v2\/pages"}],"about":[{"href":"https:\/\/gregorycharles.com\/en\/wp-json\/wp\/v2\/types\/page"}],"author":[{"embeddable":true,"href":"https:\/\/gregorycharles.com\/en\/wp-json\/wp\/v2\/users\/1"}],"replies":[{"embeddable":true,"href":"https:\/\/gregorycharles.com\/en\/wp-json\/wp\/v2\/comments?post=3264"}],"version-history":[{"count":12,"href":"https:\/\/gregorycharles.com\/en\/wp-json\/wp\/v2\/pages\/3264\/revisions"}],"predecessor-version":[{"id":4768,"href":"https:\/\/gregorycharles.com\/en\/wp-json\/wp\/v2\/pages\/3264\/revisions\/4768"}],"wp:attachment":[{"href":"https:\/\/gregorycharles.com\/en\/wp-json\/wp\/v2\/media?parent=3264"}],"curies":[{"name":"wp","href":"https:\/\/api.w.org\/{rel}","templated":true}]}}