{"id":334,"date":"2022-03-14T20:05:18","date_gmt":"2022-03-14T20:05:18","guid":{"rendered":"https:\/\/gregorycharles.com\/gregory-charles\/"},"modified":"2024-05-02T13:26:41","modified_gmt":"2024-05-02T17:26:41","slug":"gregory-charles","status":"publish","type":"page","link":"https:\/\/gregorycharles.com\/en\/gregory-charles\/","title":{"rendered":"Home"},"content":{"rendered":"","protected":false},"excerpt":{"rendered":"","protected":false},"author":1,"featured_media":0,"parent":0,"menu_order":0,"comment_status":"closed","ping_status":"closed","template":"","meta":{"_acf_changed":false,"footnotes":""},"class_list":["post-334","page","type-page","status-publish","hentry"],"acf":[],"yoast_head":"<!-- This site is optimized with the Yoast SEO plugin v27.5 - https:\/\/yoast.com\/product\/yoast-seo-wordpress\/ -->\n<title>Home - Gregory Charles<\/title>\n<meta name=\"description\" content=\"Artiste multifacette et pianiste prodige qu\u00e9b\u00e9cois, Gregory Charles multiplie lesoccasions de partager son amour de la musique avec le public sur sc\u00e8ne, \u00e0 lat\u00e9l\u00e9vision, \u00e0 la radio et m\u00eame en ligne.\" \/>\n<meta name=\"robots\" content=\"index, follow, max-snippet:-1, max-image-preview:large, max-video-preview:-1\" \/>\n<link rel=\"canonical\" href=\"https:\/\/gregorycharles.com\/en\/\" \/>\n<meta property=\"og:locale\" content=\"en_US\" \/>\n<meta property=\"og:type\" content=\"article\" \/>\n<meta property=\"og:title\" content=\"Home - Gregory Charles\" \/>\n<meta property=\"og:description\" content=\"Artiste multifacette et pianiste prodige qu\u00e9b\u00e9cois, Gregory Charles multiplie lesoccasions de partager son amour de la musique avec le public sur sc\u00e8ne, \u00e0 lat\u00e9l\u00e9vision, \u00e0 la radio et m\u00eame en ligne.\" \/>\n<meta property=\"og:url\" content=\"https:\/\/gregorycharles.com\/en\/\" \/>\n<meta property=\"og:site_name\" content=\"Gregory Charles\" \/>\n<meta property=\"article:modified_time\" content=\"2024-05-02T17:26:41+00:00\" \/>\n<meta property=\"og:image\" content=\"https:\/\/gregorycharles.com\/wp-content\/uploads\/2022\/03\/Gregory_Partage_AccueilContact.jpg\" \/>\n\t<meta property=\"og:image:width\" content=\"1200\" \/>\n\t<meta property=\"og:image:height\" content=\"800\" \/>\n\t<meta property=\"og:image:type\" content=\"image\/jpeg\" \/>\n<meta name=\"twitter:card\" content=\"summary_large_image\" \/>\n<script type=\"application\/ld+json\" class=\"yoast-schema-graph\">{\"@context\":\"https:\\\/\\\/schema.org\",\"@graph\":[{\"@type\":\"WebPage\",\"@id\":\"https:\\\/\\\/gregorycharles.com\\\/en\\\/\",\"url\":\"https:\\\/\\\/gregorycharles.com\\\/en\\\/\",\"name\":\"Home - Gregory Charles\",\"isPartOf\":{\"@id\":\"https:\\\/\\\/gregorycharles.com\\\/#website\"},\"datePublished\":\"2022-03-14T20:05:18+00:00\",\"dateModified\":\"2024-05-02T17:26:41+00:00\",\"description\":\"Artiste multifacette et pianiste prodige qu\u00e9b\u00e9cois, Gregory Charles multiplie lesoccasions de partager son amour de la musique avec le public sur sc\u00e8ne, \u00e0 lat\u00e9l\u00e9vision, \u00e0 la radio et m\u00eame en ligne.\",\"breadcrumb\":{\"@id\":\"https:\\\/\\\/gregorycharles.com\\\/en\\\/#breadcrumb\"},\"inLanguage\":\"en-US\",\"potentialAction\":[{\"@type\":\"ReadAction\",\"target\":[\"https:\\\/\\\/gregorycharles.com\\\/en\\\/\"]}]},{\"@type\":\"BreadcrumbList\",\"@id\":\"https:\\\/\\\/gregorycharles.com\\\/en\\\/#breadcrumb\",\"itemListElement\":[{\"@type\":\"ListItem\",\"position\":1,\"name\":\"Accueil\",\"item\":\"https:\\\/\\\/gregorycharles.com\\\/en\\\/\"},{\"@type\":\"ListItem\",\"position\":2,\"name\":\"Home\"}]},{\"@type\":\"WebSite\",\"@id\":\"https:\\\/\\\/gregorycharles.com\\\/#website\",\"url\":\"https:\\\/\\\/gregorycharles.com\\\/\",\"name\":\"Gregory Charles\",\"description\":\"\",\"potentialAction\":[{\"@type\":\"SearchAction\",\"target\":{\"@type\":\"EntryPoint\",\"urlTemplate\":\"https:\\\/\\\/gregorycharles.com\\\/?s={search_term_string}\"},\"query-input\":{\"@type\":\"PropertyValueSpecification\",\"valueRequired\":true,\"valueName\":\"search_term_string\"}}],\"inLanguage\":\"en-US\"}]}<\/script>\n<!-- \/ Yoast SEO plugin. -->","yoast_head_json":{"title":"Home - Gregory Charles","description":"Artiste multifacette et pianiste prodige qu\u00e9b\u00e9cois, Gregory Charles multiplie lesoccasions de partager son amour de la musique avec le public sur sc\u00e8ne, \u00e0 lat\u00e9l\u00e9vision, \u00e0 la radio et m\u00eame en ligne.","robots":{"index":"index","follow":"follow","max-snippet":"max-snippet:-1","max-image-preview":"max-image-preview:large","max-video-preview":"max-video-preview:-1"},"canonical":"https:\/\/gregorycharles.com\/en\/","og_locale":"en_US","og_type":"article","og_title":"Home - Gregory Charles","og_description":"Artiste multifacette et pianiste prodige qu\u00e9b\u00e9cois, Gregory Charles multiplie lesoccasions de partager son amour de la musique avec le public sur sc\u00e8ne, \u00e0 lat\u00e9l\u00e9vision, \u00e0 la radio et m\u00eame en ligne.","og_url":"https:\/\/gregorycharles.com\/en\/","og_site_name":"Gregory Charles","article_modified_time":"2024-05-02T17:26:41+00:00","og_image":[{"width":1200,"height":800,"url":"https:\/\/gregorycharles.com\/wp-content\/uploads\/2022\/03\/Gregory_Partage_AccueilContact.jpg","type":"image\/jpeg"}],"twitter_card":"summary_large_image","schema":{"@context":"https:\/\/schema.org","@graph":[{"@type":"WebPage","@id":"https:\/\/gregorycharles.com\/en\/","url":"https:\/\/gregorycharles.com\/en\/","name":"Home - Gregory Charles","isPartOf":{"@id":"https:\/\/gregorycharles.com\/#website"},"datePublished":"2022-03-14T20:05:18+00:00","dateModified":"2024-05-02T17:26:41+00:00","description":"Artiste multifacette et pianiste prodige qu\u00e9b\u00e9cois, Gregory Charles multiplie lesoccasions de partager son amour de la musique avec le public sur sc\u00e8ne, \u00e0 lat\u00e9l\u00e9vision, \u00e0 la radio et m\u00eame en ligne.","breadcrumb":{"@id":"https:\/\/gregorycharles.com\/en\/#breadcrumb"},"inLanguage":"en-US","potentialAction":[{"@type":"ReadAction","target":["https:\/\/gregorycharles.com\/en\/"]}]},{"@type":"BreadcrumbList","@id":"https:\/\/gregorycharles.com\/en\/#breadcrumb","itemListElement":[{"@type":"ListItem","position":1,"name":"Accueil","item":"https:\/\/gregorycharles.com\/en\/"},{"@type":"ListItem","position":2,"name":"Home"}]},{"@type":"WebSite","@id":"https:\/\/gregorycharles.com\/#website","url":"https:\/\/gregorycharles.com\/","name":"Gregory Charles","description":"","potentialAction":[{"@type":"SearchAction","target":{"@type":"EntryPoint","urlTemplate":"https:\/\/gregorycharles.com\/?s={search_term_string}"},"query-input":{"@type":"PropertyValueSpecification","valueRequired":true,"valueName":"search_term_string"}}],"inLanguage":"en-US"}]}},"_links":{"self":[{"href":"https:\/\/gregorycharles.com\/en\/wp-json\/wp\/v2\/pages\/334","targetHints":{"allow":["GET"]}}],"collection":[{"href":"https:\/\/gregorycharles.com\/en\/wp-json\/wp\/v2\/pages"}],"about":[{"href":"https:\/\/gregorycharles.com\/en\/wp-json\/wp\/v2\/types\/page"}],"author":[{"embeddable":true,"href":"https:\/\/gregorycharles.com\/en\/wp-json\/wp\/v2\/users\/1"}],"replies":[{"embeddable":true,"href":"https:\/\/gregorycharles.com\/en\/wp-json\/wp\/v2\/comments?post=334"}],"version-history":[{"count":35,"href":"https:\/\/gregorycharles.com\/en\/wp-json\/wp\/v2\/pages\/334\/revisions"}],"predecessor-version":[{"id":3210,"href":"https:\/\/gregorycharles.com\/en\/wp-json\/wp\/v2\/pages\/334\/revisions\/3210"}],"wp:attachment":[{"href":"https:\/\/gregorycharles.com\/en\/wp-json\/wp\/v2\/media?parent=334"}],"curies":[{"name":"wp","href":"https:\/\/api.w.org\/{rel}","templated":true}]}}