{"id":343,"date":"2022-03-15T11:23:57","date_gmt":"2022-03-15T15:23:57","guid":{"rendered":"https:\/\/gregorycharles.com\/biographie\/"},"modified":"2025-01-31T21:55:06","modified_gmt":"2025-02-01T02:55:06","slug":"biography","status":"publish","type":"page","link":"https:\/\/gregorycharles.com\/en\/biography\/","title":{"rendered":"BIOGRAPHY"},"content":{"rendered":"","protected":false},"excerpt":{"rendered":"","protected":false},"author":1,"featured_media":0,"parent":0,"menu_order":0,"comment_status":"closed","ping_status":"closed","template":"","meta":{"_acf_changed":false,"footnotes":""},"class_list":["post-343","page","type-page","status-publish","hentry"],"acf":[],"yoast_head":"<!-- This site is optimized with the Yoast SEO plugin v27.4 - https:\/\/yoast.com\/product\/yoast-seo-wordpress\/ -->\n<title>BIOGRAPHY - Gregory Charles<\/title>\n<meta name=\"description\" content=\"Partout o\u00f9 il y a de la musique, Gregory Charles n\u2019est jamais loin. N\u00e9 le 12 f\u00e9vrier 1968\u00e0 Montr\u00e9al, au Qu\u00e9bec (Canada), il s\u2019illustre comme pianiste classique d\u00e8s l\u2019enfance et remporte son premier concours national \u00e0 l\u2019\u00e2ge de 10 ans.\" \/>\n<meta name=\"robots\" content=\"index, follow, max-snippet:-1, max-image-preview:large, max-video-preview:-1\" \/>\n<link rel=\"canonical\" href=\"https:\/\/gregorycharles.com\/en\/biography\/\" \/>\n<meta property=\"og:locale\" content=\"en_US\" \/>\n<meta property=\"og:type\" content=\"article\" \/>\n<meta property=\"og:title\" content=\"BIOGRAPHY - Gregory Charles\" \/>\n<meta property=\"og:description\" content=\"Partout o\u00f9 il y a de la musique, Gregory Charles n\u2019est jamais loin. N\u00e9 le 12 f\u00e9vrier 1968\u00e0 Montr\u00e9al, au Qu\u00e9bec (Canada), il s\u2019illustre comme pianiste classique d\u00e8s l\u2019enfance et remporte son premier concours national \u00e0 l\u2019\u00e2ge de 10 ans.\" \/>\n<meta property=\"og:url\" content=\"https:\/\/gregorycharles.com\/en\/biography\/\" \/>\n<meta property=\"og:site_name\" content=\"Gregory Charles\" \/>\n<meta property=\"article:modified_time\" content=\"2025-02-01T02:55:06+00:00\" \/>\n<meta property=\"og:image\" content=\"https:\/\/gregorycharles.com\/wp-content\/uploads\/2022\/03\/Gregory_Partage_Bio.jpg\" \/>\n\t<meta property=\"og:image:width\" content=\"1200\" \/>\n\t<meta property=\"og:image:height\" content=\"800\" \/>\n\t<meta property=\"og:image:type\" content=\"image\/jpeg\" \/>\n<meta name=\"twitter:card\" content=\"summary_large_image\" \/>\n<meta name=\"twitter:label1\" content=\"Est. reading time\" \/>\n\t<meta name=\"twitter:data1\" content=\"7 minutes\" \/>\n<script type=\"application\/ld+json\" class=\"yoast-schema-graph\">{\"@context\":\"https:\\\/\\\/schema.org\",\"@graph\":[{\"@type\":\"WebPage\",\"@id\":\"https:\\\/\\\/gregorycharles.com\\\/en\\\/biography\\\/\",\"url\":\"https:\\\/\\\/gregorycharles.com\\\/en\\\/biography\\\/\",\"name\":\"BIOGRAPHY - Gregory Charles\",\"isPartOf\":{\"@id\":\"https:\\\/\\\/gregorycharles.com\\\/#website\"},\"datePublished\":\"2022-03-15T15:23:57+00:00\",\"dateModified\":\"2025-02-01T02:55:06+00:00\",\"description\":\"Partout o\u00f9 il y a de la musique, Gregory Charles n\u2019est jamais loin. N\u00e9 le 12 f\u00e9vrier 1968\u00e0 Montr\u00e9al, au Qu\u00e9bec (Canada), il s\u2019illustre comme pianiste classique d\u00e8s l\u2019enfance et remporte son premier concours national \u00e0 l\u2019\u00e2ge de 10 ans.\",\"breadcrumb\":{\"@id\":\"https:\\\/\\\/gregorycharles.com\\\/en\\\/biography\\\/#breadcrumb\"},\"inLanguage\":\"en-US\",\"potentialAction\":[{\"@type\":\"ReadAction\",\"target\":[\"https:\\\/\\\/gregorycharles.com\\\/en\\\/biography\\\/\"]}]},{\"@type\":\"BreadcrumbList\",\"@id\":\"https:\\\/\\\/gregorycharles.com\\\/en\\\/biography\\\/#breadcrumb\",\"itemListElement\":[{\"@type\":\"ListItem\",\"position\":1,\"name\":\"Accueil\",\"item\":\"https:\\\/\\\/gregorycharles.com\\\/en\\\/\"},{\"@type\":\"ListItem\",\"position\":2,\"name\":\"BIOGRAPHY\"}]},{\"@type\":\"WebSite\",\"@id\":\"https:\\\/\\\/gregorycharles.com\\\/#website\",\"url\":\"https:\\\/\\\/gregorycharles.com\\\/\",\"name\":\"Gregory Charles\",\"description\":\"\",\"potentialAction\":[{\"@type\":\"SearchAction\",\"target\":{\"@type\":\"EntryPoint\",\"urlTemplate\":\"https:\\\/\\\/gregorycharles.com\\\/?s={search_term_string}\"},\"query-input\":{\"@type\":\"PropertyValueSpecification\",\"valueRequired\":true,\"valueName\":\"search_term_string\"}}],\"inLanguage\":\"en-US\"}]}<\/script>\n<!-- \/ Yoast SEO plugin. -->","yoast_head_json":{"title":"BIOGRAPHY - Gregory Charles","description":"Partout o\u00f9 il y a de la musique, Gregory Charles n\u2019est jamais loin. N\u00e9 le 12 f\u00e9vrier 1968\u00e0 Montr\u00e9al, au Qu\u00e9bec (Canada), il s\u2019illustre comme pianiste classique d\u00e8s l\u2019enfance et remporte son premier concours national \u00e0 l\u2019\u00e2ge de 10 ans.","robots":{"index":"index","follow":"follow","max-snippet":"max-snippet:-1","max-image-preview":"max-image-preview:large","max-video-preview":"max-video-preview:-1"},"canonical":"https:\/\/gregorycharles.com\/en\/biography\/","og_locale":"en_US","og_type":"article","og_title":"BIOGRAPHY - Gregory Charles","og_description":"Partout o\u00f9 il y a de la musique, Gregory Charles n\u2019est jamais loin. N\u00e9 le 12 f\u00e9vrier 1968\u00e0 Montr\u00e9al, au Qu\u00e9bec (Canada), il s\u2019illustre comme pianiste classique d\u00e8s l\u2019enfance et remporte son premier concours national \u00e0 l\u2019\u00e2ge de 10 ans.","og_url":"https:\/\/gregorycharles.com\/en\/biography\/","og_site_name":"Gregory Charles","article_modified_time":"2025-02-01T02:55:06+00:00","og_image":[{"width":1200,"height":800,"url":"https:\/\/gregorycharles.com\/wp-content\/uploads\/2022\/03\/Gregory_Partage_Bio.jpg","type":"image\/jpeg"}],"twitter_card":"summary_large_image","twitter_misc":{"Est. reading time":"7 minutes"},"schema":{"@context":"https:\/\/schema.org","@graph":[{"@type":"WebPage","@id":"https:\/\/gregorycharles.com\/en\/biography\/","url":"https:\/\/gregorycharles.com\/en\/biography\/","name":"BIOGRAPHY - Gregory Charles","isPartOf":{"@id":"https:\/\/gregorycharles.com\/#website"},"datePublished":"2022-03-15T15:23:57+00:00","dateModified":"2025-02-01T02:55:06+00:00","description":"Partout o\u00f9 il y a de la musique, Gregory Charles n\u2019est jamais loin. N\u00e9 le 12 f\u00e9vrier 1968\u00e0 Montr\u00e9al, au Qu\u00e9bec (Canada), il s\u2019illustre comme pianiste classique d\u00e8s l\u2019enfance et remporte son premier concours national \u00e0 l\u2019\u00e2ge de 10 ans.","breadcrumb":{"@id":"https:\/\/gregorycharles.com\/en\/biography\/#breadcrumb"},"inLanguage":"en-US","potentialAction":[{"@type":"ReadAction","target":["https:\/\/gregorycharles.com\/en\/biography\/"]}]},{"@type":"BreadcrumbList","@id":"https:\/\/gregorycharles.com\/en\/biography\/#breadcrumb","itemListElement":[{"@type":"ListItem","position":1,"name":"Accueil","item":"https:\/\/gregorycharles.com\/en\/"},{"@type":"ListItem","position":2,"name":"BIOGRAPHY"}]},{"@type":"WebSite","@id":"https:\/\/gregorycharles.com\/#website","url":"https:\/\/gregorycharles.com\/","name":"Gregory Charles","description":"","potentialAction":[{"@type":"SearchAction","target":{"@type":"EntryPoint","urlTemplate":"https:\/\/gregorycharles.com\/?s={search_term_string}"},"query-input":{"@type":"PropertyValueSpecification","valueRequired":true,"valueName":"search_term_string"}}],"inLanguage":"en-US"}]}},"_links":{"self":[{"href":"https:\/\/gregorycharles.com\/en\/wp-json\/wp\/v2\/pages\/343","targetHints":{"allow":["GET"]}}],"collection":[{"href":"https:\/\/gregorycharles.com\/en\/wp-json\/wp\/v2\/pages"}],"about":[{"href":"https:\/\/gregorycharles.com\/en\/wp-json\/wp\/v2\/types\/page"}],"author":[{"embeddable":true,"href":"https:\/\/gregorycharles.com\/en\/wp-json\/wp\/v2\/users\/1"}],"replies":[{"embeddable":true,"href":"https:\/\/gregorycharles.com\/en\/wp-json\/wp\/v2\/comments?post=343"}],"version-history":[{"count":16,"href":"https:\/\/gregorycharles.com\/en\/wp-json\/wp\/v2\/pages\/343\/revisions"}],"predecessor-version":[{"id":4011,"href":"https:\/\/gregorycharles.com\/en\/wp-json\/wp\/v2\/pages\/343\/revisions\/4011"}],"wp:attachment":[{"href":"https:\/\/gregorycharles.com\/en\/wp-json\/wp\/v2\/media?parent=343"}],"curies":[{"name":"wp","href":"https:\/\/api.w.org\/{rel}","templated":true}]}}